{"id":4927,"date":"2021-08-05T17:24:14","date_gmt":"2021-08-05T15:24:14","guid":{"rendered":"https:\/\/www.poradenstvikhk.cz\/dusevnizdravi\/?page_id=4927"},"modified":"2021-08-05T18:58:32","modified_gmt":"2021-08-05T16:58:32","slug":"uvod","status":"publish","type":"page","link":"https:\/\/www.poradenstvikhk.cz\/dusevnizdravi\/","title":{"rendered":"\u00davod"},"content":{"rendered":"<p>Tohle je \u00favodn\u00ed str\u00e1nka<\/p>\n","protected":false},"excerpt":{"rendered":"<p>Tohle je \u00favodn\u00ed str\u00e1nka<\/p>\n","protected":false},"author":1,"featured_media":0,"parent":0,"menu_order":0,"comment_status":"closed","ping_status":"closed","template":"","meta":[],"_links":{"self":[{"href":"https:\/\/www.poradenstvikhk.cz\/dusevnizdravi\/wp-json\/wp\/v2\/pages\/4927"}],"collection":[{"href":"https:\/\/www.poradenstvikhk.cz\/dusevnizdravi\/wp-json\/wp\/v2\/pages"}],"about":[{"href":"https:\/\/www.poradenstvikhk.cz\/dusevnizdravi\/wp-json\/wp\/v2\/types\/page"}],"author":[{"embeddable":true,"href":"https:\/\/www.poradenstvikhk.cz\/dusevnizdravi\/wp-json\/wp\/v2\/users\/1"}],"replies":[{"embeddable":true,"href":"https:\/\/www.poradenstvikhk.cz\/dusevnizdravi\/wp-json\/wp\/v2\/comments?post=4927"}],"version-history":[{"count":2,"href":"https:\/\/www.poradenstvikhk.cz\/dusevnizdravi\/wp-json\/wp\/v2\/pages\/4927\/revisions"}],"predecessor-version":[{"id":4936,"href":"https:\/\/www.poradenstvikhk.cz\/dusevnizdravi\/wp-json\/wp\/v2\/pages\/4927\/revisions\/4936"}],"wp:attachment":[{"href":"https:\/\/www.poradenstvikhk.cz\/dusevnizdravi\/wp-json\/wp\/v2\/media?parent=4927"}],"curies":[{"name":"wp","href":"https:\/\/api.w.org\/{rel}","templated":true}]}}