{"id":5648,"date":"2023-09-20T21:28:29","date_gmt":"2023-09-20T19:28:29","guid":{"rendered":"https:\/\/www.poradenstvikhk.cz\/dusevnizdravi\/?page_id=5648"},"modified":"2023-09-20T21:28:29","modified_gmt":"2023-09-20T19:28:29","slug":"kazuisticky-seminar-eticke-otazky-v-praci-ucitele-aneb-proc-je-dobre-mit-ve-skole-eticky-kodex","status":"publish","type":"page","link":"https:\/\/www.poradenstvikhk.cz\/dusevnizdravi\/kazuisticky-seminar-eticke-otazky-v-praci-ucitele-aneb-proc-je-dobre-mit-ve-skole-eticky-kodex\/","title":{"rendered":"Kazuistick\u00fd semin\u00e1\u0159: Etick\u00e9 ot\u00e1zky v pr\u00e1ci u\u010ditele aneb pro\u010d je dobr\u00e9 m\u00edt ve \u0161kole etick\u00fd kodex"},"content":{"rendered":"","protected":true},"excerpt":{"rendered":"","protected":true},"author":4,"featured_media":0,"parent":0,"menu_order":0,"comment_status":"closed","ping_status":"closed","template":"","meta":[],"_links":{"self":[{"href":"https:\/\/www.poradenstvikhk.cz\/dusevnizdravi\/wp-json\/wp\/v2\/pages\/5648"}],"collection":[{"href":"https:\/\/www.poradenstvikhk.cz\/dusevnizdravi\/wp-json\/wp\/v2\/pages"}],"about":[{"href":"https:\/\/www.poradenstvikhk.cz\/dusevnizdravi\/wp-json\/wp\/v2\/types\/page"}],"author":[{"embeddable":true,"href":"https:\/\/www.poradenstvikhk.cz\/dusevnizdravi\/wp-json\/wp\/v2\/users\/4"}],"replies":[{"embeddable":true,"href":"https:\/\/www.poradenstvikhk.cz\/dusevnizdravi\/wp-json\/wp\/v2\/comments?post=5648"}],"version-history":[{"count":2,"href":"https:\/\/www.poradenstvikhk.cz\/dusevnizdravi\/wp-json\/wp\/v2\/pages\/5648\/revisions"}],"predecessor-version":[{"id":5650,"href":"https:\/\/www.poradenstvikhk.cz\/dusevnizdravi\/wp-json\/wp\/v2\/pages\/5648\/revisions\/5650"}],"wp:attachment":[{"href":"https:\/\/www.poradenstvikhk.cz\/dusevnizdravi\/wp-json\/wp\/v2\/media?parent=5648"}],"curies":[{"name":"wp","href":"https:\/\/api.w.org\/{rel}","templated":true}]}}