{"id":5774,"date":"2024-10-13T12:34:10","date_gmt":"2024-10-13T10:34:10","guid":{"rendered":"https:\/\/www.poradenstvikhk.cz\/dusevnizdravi\/?page_id=5774"},"modified":"2024-10-13T15:52:33","modified_gmt":"2024-10-13T13:52:33","slug":"metodika-psychosocialni-vychovy-pro-skoly","status":"publish","type":"page","link":"https:\/\/www.poradenstvikhk.cz\/dusevnizdravi\/metodika-psychosocialni-vychovy-pro-skoly\/","title":{"rendered":"Metodika psychosoci\u00e1ln\u00ed v\u00fdchovy pro \u0161koly"},"content":{"rendered":"<p>Metodika psychosoci\u00e1ln\u00ed v\u00fdchovy pro \u0161koly sest\u00e1v\u00e1 ze dvou \u010d\u00e1st\u00ed &#8211; teoretick\u00e9 a praktick\u00e9. Ob\u011b \u010d\u00e1sti a dal\u0161\u00ed p\u0159\u00edlohy m\u016f\u017eete st\u00e1hnout n\u00ed\u017ee:<\/p>\n<p><a href=\"https:\/\/www.poradenstvikhk.cz\/dusevnizdravi\/wp-content\/uploads\/2024\/10\/Cesta-jak-byt-v-pohode-TEORETICKA-CAST.pdf\">Cesta, jak b\u00fdt v pohod\u011b se sebou i s druh\u00fdmi &#8211; teoretick\u00e1 \u010d\u00e1st metodiky psychosoci\u00e1ln\u00ed v\u00fdchovy pro \u0161koly<\/a><\/p>\n<p><a href=\"https:\/\/www.poradenstvikhk.cz\/dusevnizdravi\/wp-content\/uploads\/2024\/10\/Cesta-jak-byt-v-pohode-PRAKTICKA-CAST.pdf\">Cesta, jak b\u00fdt v pohod\u011b se sebou i s druh\u00fdmi &#8211; praktick\u00e1 \u010d\u00e1st metodiky psychosoci\u00e1ln\u00ed v\u00fdchovy pro \u0161koly<\/a><\/p>\n<p><a href=\"https:\/\/www.poradenstvikhk.cz\/dusevnizdravi\/pracovni-listy-ke-stazeni\/\">Pracovn\u00ed listy ke sta\u017een\u00ed<\/a><\/p>\n","protected":false},"excerpt":{"rendered":"<p>Metodika psychosoci\u00e1ln\u00ed v\u00fdchovy pro \u0161koly sest\u00e1v\u00e1 ze dvou \u010d\u00e1st\u00ed &#8211; teoretick\u00e9 a praktick\u00e9. Ob\u011b \u010d\u00e1sti a dal\u0161\u00ed p\u0159\u00edlohy m\u016f\u017eete st\u00e1hnout n\u00ed\u017ee: Cesta, jak b\u00fdt v pohod\u011b se sebou i s druh\u00fdmi &#8211; teoretick\u00e1 \u010d\u00e1st metodiky psychosoci\u00e1ln\u00ed v\u00fdchovy pro \u0161koly Cesta, jak b\u00fdt v pohod\u011b se sebou i s druh\u00fdmi &#8211; praktick\u00e1 \u010d\u00e1st metodiky psychosoci\u00e1ln\u00ed v\u00fdchovy [&hellip;]<\/p>\n","protected":false},"author":4,"featured_media":0,"parent":0,"menu_order":0,"comment_status":"closed","ping_status":"closed","template":"","meta":[],"_links":{"self":[{"href":"https:\/\/www.poradenstvikhk.cz\/dusevnizdravi\/wp-json\/wp\/v2\/pages\/5774"}],"collection":[{"href":"https:\/\/www.poradenstvikhk.cz\/dusevnizdravi\/wp-json\/wp\/v2\/pages"}],"about":[{"href":"https:\/\/www.poradenstvikhk.cz\/dusevnizdravi\/wp-json\/wp\/v2\/types\/page"}],"author":[{"embeddable":true,"href":"https:\/\/www.poradenstvikhk.cz\/dusevnizdravi\/wp-json\/wp\/v2\/users\/4"}],"replies":[{"embeddable":true,"href":"https:\/\/www.poradenstvikhk.cz\/dusevnizdravi\/wp-json\/wp\/v2\/comments?post=5774"}],"version-history":[{"count":5,"href":"https:\/\/www.poradenstvikhk.cz\/dusevnizdravi\/wp-json\/wp\/v2\/pages\/5774\/revisions"}],"predecessor-version":[{"id":5858,"href":"https:\/\/www.poradenstvikhk.cz\/dusevnizdravi\/wp-json\/wp\/v2\/pages\/5774\/revisions\/5858"}],"wp:attachment":[{"href":"https:\/\/www.poradenstvikhk.cz\/dusevnizdravi\/wp-json\/wp\/v2\/media?parent=5774"}],"curies":[{"name":"wp","href":"https:\/\/api.w.org\/{rel}","templated":true}]}}