{"id":5802,"date":"2024-10-13T14:18:22","date_gmt":"2024-10-13T12:18:22","guid":{"rendered":"https:\/\/www.poradenstvikhk.cz\/dusevnizdravi\/?page_id=5802"},"modified":"2024-10-13T14:41:31","modified_gmt":"2024-10-13T12:41:31","slug":"pracovni-listy-ke-stazeni","status":"publish","type":"page","link":"https:\/\/www.poradenstvikhk.cz\/dusevnizdravi\/pracovni-listy-ke-stazeni\/","title":{"rendered":"Pracovn\u00ed listy ke sta\u017een\u00ed"},"content":{"rendered":"<p><a href=\"https:\/\/www.poradenstvikhk.cz\/dusevnizdravi\/wp-content\/uploads\/2024\/10\/PL-Balonek-1.pdf\">PL &#8211; Bal\u00f3nek<\/a><\/p>\n<p><a href=\"https:\/\/www.poradenstvikhk.cz\/dusevnizdravi\/wp-content\/uploads\/2024\/10\/PL-Baterka.pdf\">PL &#8211; Baterka<\/a><\/p>\n<p><a href=\"https:\/\/www.poradenstvikhk.cz\/dusevnizdravi\/wp-content\/uploads\/2024\/10\/PL-Dobra-rada.pdf\">PL &#8211; Dobr\u00e1 rada<\/a><\/p>\n<p><a href=\"https:\/\/www.poradenstvikhk.cz\/dusevnizdravi\/wp-content\/uploads\/2024\/10\/PL-Doruceni-signalu-do-mozku.pdf\">PL &#8211; Doru\u010den\u00ed sign\u00e1lu do mozku<\/a><\/p>\n<p><a href=\"https:\/\/www.poradenstvikhk.cz\/dusevnizdravi\/wp-content\/uploads\/2024\/10\/PL-Jak-se-citim.pdf\">PL &#8211; Jak se c\u00edt\u00edm<\/a><\/p>\n<p><a href=\"https:\/\/www.poradenstvikhk.cz\/dusevnizdravi\/wp-content\/uploads\/2024\/10\/PL-KOLO-EMOCI.pdf\">PL &#8211; Kolo emoc\u00ed<\/a><\/p>\n<p><a href=\"https:\/\/www.poradenstvikhk.cz\/dusevnizdravi\/wp-content\/uploads\/2024\/10\/PL-MOJE-SLZY-MUJ-PLAC.pdf\">PL &#8211; Moje slzy, m\u016fj pl\u00e1\u010d<\/a><\/p>\n<p><a href=\"https:\/\/www.poradenstvikhk.cz\/dusevnizdravi\/wp-content\/uploads\/2024\/10\/PL-Muj-krizovy-plan.pdf\">PL &#8211; M\u016fj krizov\u00fd pl\u00e1n<\/a><\/p>\n<p><a href=\"https:\/\/www.poradenstvikhk.cz\/dusevnizdravi\/wp-content\/uploads\/2024\/10\/PL-Pouta.pdf\">PL &#8211; Pouta<\/a><\/p>\n<p><a href=\"https:\/\/www.poradenstvikhk.cz\/dusevnizdravi\/wp-content\/uploads\/2024\/10\/PL-Slza.pdf\">PL &#8211; Slza<\/a><\/p>\n<p><a href=\"https:\/\/www.poradenstvikhk.cz\/dusevnizdravi\/wp-content\/uploads\/2024\/10\/PL-Svab-a-motyl.pdf\">PL &#8211; \u0160v\u00e1b a mot\u00fdl<\/a><\/p>\n<p><a href=\"https:\/\/www.poradenstvikhk.cz\/dusevnizdravi\/wp-content\/uploads\/2024\/10\/PL-Vlna.pdf\">PL &#8211; Vlna<\/a><\/p>\n<p><a href=\"https:\/\/www.poradenstvikhk.cz\/dusevnizdravi\/wp-content\/uploads\/2024\/10\/PL-Vyslapana-cesta.pdf\">PL &#8211; Vy\u0161lapan\u00e1 cesta<\/a><\/p>\n<p><a href=\"https:\/\/www.poradenstvikhk.cz\/dusevnizdravi\/wp-content\/uploads\/2024\/10\/PL-Vztek.pdf\">PL &#8211; Vztek<\/a><\/p>\n<p><a href=\"https:\/\/www.poradenstvikhk.cz\/dusevnizdravi\/wp-content\/uploads\/2024\/10\/PL-Zmena-nas-nezaskoci.pdf\">PL &#8211; Zm\u011bna n\u00e1s nezasko\u010d\u00ed<\/a><\/p>\n","protected":false},"excerpt":{"rendered":"<p>PL &#8211; Bal\u00f3nek PL &#8211; Baterka PL &#8211; Dobr\u00e1 rada PL &#8211; Doru\u010den\u00ed sign\u00e1lu do mozku PL &#8211; Jak se c\u00edt\u00edm PL &#8211; Kolo emoc\u00ed PL &#8211; Moje slzy, m\u016fj pl\u00e1\u010d PL &#8211; M\u016fj krizov\u00fd pl\u00e1n PL &#8211; Pouta PL &#8211; Slza PL &#8211; \u0160v\u00e1b a mot\u00fdl PL &#8211; Vlna PL &#8211; Vy\u0161lapan\u00e1 cesta PL [&hellip;]<\/p>\n","protected":false},"author":4,"featured_media":0,"parent":0,"menu_order":0,"comment_status":"closed","ping_status":"closed","template":"","meta":[],"_links":{"self":[{"href":"https:\/\/www.poradenstvikhk.cz\/dusevnizdravi\/wp-json\/wp\/v2\/pages\/5802"}],"collection":[{"href":"https:\/\/www.poradenstvikhk.cz\/dusevnizdravi\/wp-json\/wp\/v2\/pages"}],"about":[{"href":"https:\/\/www.poradenstvikhk.cz\/dusevnizdravi\/wp-json\/wp\/v2\/types\/page"}],"author":[{"embeddable":true,"href":"https:\/\/www.poradenstvikhk.cz\/dusevnizdravi\/wp-json\/wp\/v2\/users\/4"}],"replies":[{"embeddable":true,"href":"https:\/\/www.poradenstvikhk.cz\/dusevnizdravi\/wp-json\/wp\/v2\/comments?post=5802"}],"version-history":[{"count":9,"href":"https:\/\/www.poradenstvikhk.cz\/dusevnizdravi\/wp-json\/wp\/v2\/pages\/5802\/revisions"}],"predecessor-version":[{"id":5826,"href":"https:\/\/www.poradenstvikhk.cz\/dusevnizdravi\/wp-json\/wp\/v2\/pages\/5802\/revisions\/5826"}],"wp:attachment":[{"href":"https:\/\/www.poradenstvikhk.cz\/dusevnizdravi\/wp-json\/wp\/v2\/media?parent=5802"}],"curies":[{"name":"wp","href":"https:\/\/api.w.org\/{rel}","templated":true}]}}