{"id":5399,"date":"2021-07-21T08:57:05","date_gmt":"2021-07-21T06:57:05","guid":{"rendered":"https:\/\/www.poradenstvikhk.cz\/karierove\/?page_id=5399"},"modified":"2024-08-30T15:08:34","modified_gmt":"2024-08-30T13:08:34","slug":"cizi-jazyky","status":"publish","type":"page","link":"https:\/\/www.poradenstvikhk.cz\/karierove\/pro-skolni-karierove-poradce\/didakticke-materialy-a-pomucky\/mezipredmetove-vztahy\/cizi-jazyky\/","title":{"rendered":"Ciz\u00ed jazyky"},"content":{"rendered":"<p><strong>N\u00ed\u017ee najdete n\u00e1m\u011bty a zdroje materi\u00e1l\u016f pro CLIL aktivity, jejich\u017e obsahem je kari\u00e9rov\u00e9 vzd\u011bl\u00e1v\u00e1n\u00ed. <\/strong><\/p>\n<p style=\"text-align: justify;\"><strong>CLIL<\/strong> (Content and Language Integrated Learning) je vzd\u011bl\u00e1vac\u00edm p\u0159\u00edstupem, v r\u00e1mci kter\u00e9ho je vyu\u010dov\u00e1n obsah nejazykov\u00e9ho p\u0159edm\u011btu a sou\u010dasn\u011b jsou rozv\u00edjeny kompetence v ciz\u00edm jazyce &#8211; odli\u0161uje se tak od b\u011b\u017en\u00fdch hodin vyu\u010dovan\u00fdch v mate\u0159sk\u00e9m jazyce \u017e\u00e1k\u016f, ale tak\u00e9 od hodin ciz\u00edch jazyk\u016f jako takov\u00fdch. V\u00edce informac\u00ed <a href=\"http:\/\/archiv-nuv.npi.cz\/vystupy\/clil-aneb-prirozene-pouziti-ciziho-jazyka-pro-realnou.html\">zde.<\/a><\/p>\n<p>&nbsp;<\/p>\n<p><strong><a href=\"https:\/\/www.ajshop.cz\/p\/just-the-job\">Just the Job \/ El juego de los oficios \/ Le jeu des m\u00e9tiers \/ Il gioco dei mestieri<\/a><\/strong><\/p>\n<p><a href=\"https:\/\/www.ajshop.cz\/p\/just-the-job\"><img loading=\"lazy\" decoding=\"async\" class=\"alignleft size-full wp-image-8577\" src=\"https:\/\/www.poradenstvikhk.cz\/karierove\/wp-content\/uploads\/2024\/08\/just-the-job.jpg\" alt=\"just_the_job\" width=\"160\" height=\"200\" \/><\/a><\/p>\n<blockquote>\n<p style=\"text-align: justify;\">Nakladatelstv\u00ed ELI vytvo\u0159ilo jednoduchou karetn\u00ed hru, p\u0159i kter\u00e9 se \u017e\u00e1ci nau\u010d\u00ed celou \u0159adu slov\u00ed\u010dek spojen\u00fdch s r\u016fzn\u00fdmi profesemi. Hra obsahuje t\u0159i bal\u00ed\u010dky po \u010dty\u0159iceti kart\u00e1ch (40 profes\u00ed) &#8211; karti\u010dky s obr\u00e1zky povol\u00e1n\u00ed, karti\u010dky s jejich n\u00e1zvy a karti\u010dky s definicemi jednotliv\u00fdch profes\u00ed. V n\u00e1vodu tak\u00e9 najdete n\u00e1vrhy na n\u011bkolik her. Ka\u017ed\u00fd z bal\u00ed\u010dk\u016f m\u00e1 konkr\u00e9tn\u00ed v\u00fdhody a znaky &#8211; barevn\u00e9 obr\u00e1zky v prvn\u00edm bal\u00ed\u010dku vyjad\u0159uj\u00ed v\u00fdznam bez nutnosti p\u0159ekladu, n\u00e1zvy profes\u00ed ve druh\u00e9m bal\u00ed\u010dku nut\u00ed \u017e\u00e1ky, aby se soust\u0159edili na spojitost mezi slovem a obr\u00e1zkem, fr\u00e1ze na karti\u010dk\u00e1ch ve t\u0159et\u00edm bal\u00ed\u010dku d\u00e1vaj\u00ed u\u010diteli mo\u017enost rozv\u00edjet slovn\u00ed z\u00e1sobu a vazby vztahuj\u00edc\u00ed se k dan\u00e9mu t\u00e9matu. Pro za\u010d\u00e1te\u010dn\u00edky a\u017e pokro\u010dil\u00e9. Ve francouz\u0161tin\u011b a ital\u0161tin\u011b dostupn\u00e9 <a href=\"https:\/\/www.infoa.cz\/jazykove-hry\">zde<\/a>, ve \u0161pan\u011bl\u0161tin\u011b dostupn\u00e9 <a href=\"https:\/\/www.meindeutsch.cz\/nemcina-spanelstina-rustina\/El-juego-de-los-oficios-didakticka-hra-do-vyuky-spanelstiny-d1498.htm\">zde<\/a>.<\/p>\n<\/blockquote>\n<p>&nbsp;<\/p>\n<p><strong><a href=\"https:\/\/www.luxor.cz\/v\/1515204\/lets-play-in-english-thats-my-job\">That&#8217;s my job! \/ Das ist Meine Arbeit! \/ C\u00b4est mon m\u00e9tier! \/ Esta es mi profesi\u00f3n! \/ E\u00b4il mio Lavoro!<\/a><\/strong><\/p>\n<p><a href=\"https:\/\/www.luxor.cz\/v\/1515204\/lets-play-in-english-thats-my-job\"><img loading=\"lazy\" decoding=\"async\" class=\"alignleft size-full wp-image-8579\" src=\"https:\/\/www.poradenstvikhk.cz\/karierove\/wp-content\/uploads\/2024\/08\/thats-my-job-393x300.webp\" alt=\"\" width=\"160\" height=\"110\" \/><\/a><\/p>\n<blockquote>\n<p style=\"text-align: justify;\">Deskov\u00e1 hra, kter\u00e1 je vytvo\u0159en\u00e1 na z\u00e1klad\u011b spojen\u00ed mezi obr\u00e1zky, slov\u00ed\u010dky a v\u011btami. Krom\u011b hrac\u00ed desky a kostky obsahuje 132 karet rozd\u011blen\u00fdch obdobn\u011b jako u p\u0159edchoz\u00ed hry &#8211; obr\u00e1zky, slov\u00ed\u010dka, popisy profes\u00ed. Hra m\u00e1 r\u016fzn\u00e9 stupn\u011b obt\u00ed\u017enosti, je vhodn\u00e1 pro za\u010d\u00e1te\u010dn\u00edky a\u017e st\u0159edn\u011b pokro\u010dil\u00e9 studenty. Krom\u011b angli\u010dtiny je dostupn\u00e1 tak\u00e9 v n\u011bm\u010din\u011b, francouz\u0161tin\u011b, \u0161pan\u011bl\u0161tin\u011b a ital\u0161tin\u011b <a href=\"https:\/\/www.infoa.cz\/jazykove-hry\">zde.<\/a><\/p>\n<\/blockquote>\n<p>&nbsp;<\/p>\n<p><strong><strong>pouze v angli\u010dtin\u011b:<\/strong><\/strong><\/p>\n<p><strong><a href=\"http:\/\/englishbooks.cz\/beletrie-v-anglictine\/leporela\/24875-look-inside-jobs.html?search_query=job&amp;results=21 \">Look Inside Jobs<\/a><\/strong><\/p>\n<p><a href=\"http:\/\/englishbooks.cz\/beletrie-v-anglictine\/leporela\/24875-look-inside-jobs.html?search_query=job&amp;results=21\"><img loading=\"lazy\" decoding=\"async\" class=\"alignleft size-full wp-image-8581\" src=\"https:\/\/www.poradenstvikhk.cz\/karierove\/wp-content\/uploads\/2024\/08\/look-inside-jobs-300x300.jpg\" alt=\"\" width=\"160\" height=\"160\" srcset=\"https:\/\/www.poradenstvikhk.cz\/karierove\/wp-content\/uploads\/2024\/08\/look-inside-jobs-300x300.jpg 300w, https:\/\/www.poradenstvikhk.cz\/karierove\/wp-content\/uploads\/2024\/08\/look-inside-jobs-140x140.jpg 140w, https:\/\/www.poradenstvikhk.cz\/karierove\/wp-content\/uploads\/2024\/08\/look-inside-jobs.jpg 458w\" sizes=\"(max-width: 160px) 100vw, 160px\" \/><\/a><\/p>\n<blockquote>\n<p style=\"text-align: justify;\">Kn\u00ed\u017eka nakladatelstv\u00ed Usborne Publishing Ltd. je ur\u010dena mlad\u0161\u00edm \u017e\u00e1k\u016fm. Profese jsou d\u011bleny podle oblast\u00ed z\u00e1jm\u016f d\u011bt\u00ed a podle typu dan\u00e9ho zam\u011bstn\u00e1n\u00ed. Obr\u00e1zky skr\u00fdvaj\u00ed dal\u0161\u00ed informace pod odkl\u00e1p\u011bc\u00edmi ok\u00fdnky. Texty odpov\u00eddaj\u00ed jazykov\u00e9 \u00farovni A2. Pokud na str\u00e1nce <a href=\"https:\/\/usborne.com\/row\/quicklinks\">www.usborne.com<\/a> zad\u00e1te n\u00e1zev kn\u00ed\u017eky, z\u00edsk\u00e1te dal\u0161\u00ed n\u00e1m\u011bty na aktivity spojen\u00e9 s dan\u00fdm t\u00e9matem.<\/p>\n<\/blockquote>\n<p>&nbsp;<br \/>\n&nbsp;<\/p>\n<p><strong><a href=\"http:\/\/englishbooks.cz\/zjednodusena-cetba\/elementary\/oxford-read-and-discover-2-450-headwords\/14229-discover-2-jobs-audio-cd.html?search_query=jobs&amp;results=11\">Oxford Read and Discover: Jobs<\/a><\/strong><\/p>\n<p><a href=\"http:\/\/englishbooks.cz\/zjednodusena-cetba\/elementary\/oxford-read-and-discover-2-450-headwords\/14229-discover-2-jobs-audio-cd.html?search_query=jobs&amp;results=11\"><img loading=\"lazy\" decoding=\"async\" class=\"alignleft size-full wp-image-8583\" src=\"https:\/\/www.poradenstvikhk.cz\/karierove\/wp-content\/uploads\/2024\/08\/discover-jobs-300x300.jpg\" alt=\"\" width=\"160\" height=\"160\" srcset=\"https:\/\/www.poradenstvikhk.cz\/karierove\/wp-content\/uploads\/2024\/08\/discover-jobs-300x300.jpg 300w, https:\/\/www.poradenstvikhk.cz\/karierove\/wp-content\/uploads\/2024\/08\/discover-jobs-140x140.jpg 140w, https:\/\/www.poradenstvikhk.cz\/karierove\/wp-content\/uploads\/2024\/08\/discover-jobs.jpg 458w\" sizes=\"(max-width: 160px) 100vw, 160px\" \/><\/a><\/p>\n<blockquote>\n<p style=\"text-align: justify;\">Publikace z edice zjednodu\u0161en\u00e9 \u010detby nakladatelstv\u00ed Oxford University Press (\u00farove\u0148 2) je vhodn\u00e1 zejm\u00e9na pro CLIL aktivity na z\u00e1kladn\u00ed \u0161kole. Obsahuje kr\u00e1tk\u00e9 texty dopln\u011bn\u00e9 \u00fakoly, je bohat\u011b ilustrovan\u00e1. Metodick\u00e1 podpora pro u\u010ditele je k dispozici <a href=\"http:\/\/oup.com\/\/elt\/teacher\/readanddiscover\">zde.<\/a><\/p>\n<\/blockquote>\n<p>&nbsp;<br \/>\n&nbsp;<br \/>\n&nbsp;<\/p>\n<p><strong><a href=\"https:\/\/eshop.albi.cz\/rozmluvime-cesko-work-jobs\/\">Rozmluv\u00edme \u010cesko &#8211; Work &#038; Jobs<\/a><\/strong><\/p>\n<p><a href=\"https:\/\/eshop.albi.cz\/rozmluvime-cesko-work-jobs\/\"><img loading=\"lazy\" decoding=\"async\" src=\"https:\/\/www.poradenstvikhk.cz\/karierove\/wp-content\/uploads\/2024\/08\/brona-300x300.webp\" alt=\"\" width=\"160\" height=\"160\" class=\"alignleft size-full wp-image-8585\" srcset=\"https:\/\/www.poradenstvikhk.cz\/karierove\/wp-content\/uploads\/2024\/08\/brona-300x300.webp 300w, https:\/\/www.poradenstvikhk.cz\/karierove\/wp-content\/uploads\/2024\/08\/brona-140x140.webp 140w, https:\/\/www.poradenstvikhk.cz\/karierove\/wp-content\/uploads\/2024\/08\/brona.webp 550w\" sizes=\"(max-width: 160px) 100vw, 160px\" \/><\/a><\/p>\n<blockquote>\n<p style=\"text-align: justify;\">Nad\u0161en\u00fd u\u010ditel angli\u010dtiny z Brna Bronislav Sobotka je autorem karti\u010dek Rozmluv\u00edme \u010cesko, kter\u00e9 v\u00e1m pomohou procvi\u010dit mluven\u00fd projev. Lze tr\u00e9novat slov\u00ed\u010dka, gramatiku a p\u0159edev\u0161\u00edm komunikaci. Hra Rozmluv\u00edme \u010cesko obsahuje 100 karet, texty jsou v\u010detn\u011b \u010desk\u00e9ho p\u0159ekladu.<\/a><\/p>\n<\/blockquote>\n<p>&nbsp;<br \/>\n&nbsp;<br \/>\n&nbsp;<\/p>\n<p><strong><a href=\"https:\/\/www.youtube.com\/c\/DaveMasonJustthejob\/videos \">Just the Job Channel<\/a><\/strong><br \/>\n<a href=\"https:\/\/www.youtube.com\/@DaveMasonNZ\/videos\"><img loading=\"lazy\" decoding=\"async\" src=\"https:\/\/www.poradenstvikhk.cz\/karierove\/wp-content\/uploads\/2023\/06\/just_the_job.jpg\" alt=\"\" width=\"160\" height=\"160\" class=\"alignleft size-full wp-image-7432\" srcset=\"https:\/\/www.poradenstvikhk.cz\/karierove\/wp-content\/uploads\/2023\/06\/just_the_job.jpg 160w, https:\/\/www.poradenstvikhk.cz\/karierove\/wp-content\/uploads\/2023\/06\/just_the_job-140x140.jpg 140w\" sizes=\"(max-width: 160px) 100vw, 160px\" \/><\/a><\/p>\n<blockquote>\n<p style=\"text-align: justify;\">Dal\u0161\u00ed zdroj pro CLIL aktivity zejm\u00e9na na st\u0159edn\u00ed \u0161kole &#8211; YouTube kan\u00e1l tentokr\u00e1t z Nov\u00e9ho Z\u00e9landu s videomedailonky r\u016fzn\u00fdch profes\u00ed. Podrobn\u011bj\u0161\u00ed informace najdete <a href=\"http:\/\/justthejob.co.nz.\">zde.<\/a><\/p>\n<\/blockquote>\n","protected":false},"excerpt":{"rendered":"<p>N\u00ed\u017ee najdete n\u00e1m\u011bty a zdroje materi\u00e1l\u016f pro CLIL aktivity, jejich\u017e obsahem je kari\u00e9rov\u00e9 vzd\u011bl\u00e1v\u00e1n\u00ed. CLIL (Content and Language Integrated Learning) je vzd\u011bl\u00e1vac\u00edm p\u0159\u00edstupem, v r\u00e1mci kter\u00e9ho je vyu\u010dov\u00e1n obsah nejazykov\u00e9ho p\u0159edm\u011btu a sou\u010dasn\u011b jsou rozv\u00edjeny kompetence v ciz\u00edm jazyce &#8211; odli\u0161uje se tak od b\u011b\u017en\u00fdch hodin vyu\u010dovan\u00fdch v mate\u0159sk\u00e9m jazyce \u017e\u00e1k\u016f, ale tak\u00e9 od hodin [&hellip;]<\/p>\n","protected":false},"author":4,"featured_media":0,"parent":5067,"menu_order":2,"comment_status":"closed","ping_status":"closed","template":"","meta":{"footnotes":""},"_links":{"self":[{"href":"https:\/\/www.poradenstvikhk.cz\/karierove\/wp-json\/wp\/v2\/pages\/5399"}],"collection":[{"href":"https:\/\/www.poradenstvikhk.cz\/karierove\/wp-json\/wp\/v2\/pages"}],"about":[{"href":"https:\/\/www.poradenstvikhk.cz\/karierove\/wp-json\/wp\/v2\/types\/page"}],"author":[{"embeddable":true,"href":"https:\/\/www.poradenstvikhk.cz\/karierove\/wp-json\/wp\/v2\/users\/4"}],"replies":[{"embeddable":true,"href":"https:\/\/www.poradenstvikhk.cz\/karierove\/wp-json\/wp\/v2\/comments?post=5399"}],"version-history":[{"count":45,"href":"https:\/\/www.poradenstvikhk.cz\/karierove\/wp-json\/wp\/v2\/pages\/5399\/revisions"}],"predecessor-version":[{"id":8951,"href":"https:\/\/www.poradenstvikhk.cz\/karierove\/wp-json\/wp\/v2\/pages\/5399\/revisions\/8951"}],"up":[{"embeddable":true,"href":"https:\/\/www.poradenstvikhk.cz\/karierove\/wp-json\/wp\/v2\/pages\/5067"}],"wp:attachment":[{"href":"https:\/\/www.poradenstvikhk.cz\/karierove\/wp-json\/wp\/v2\/media?parent=5399"}],"curies":[{"name":"wp","href":"https:\/\/api.w.org\/{rel}","templated":true}]}}