{"id":7732,"date":"2023-12-06T10:53:56","date_gmt":"2023-12-06T09:53:56","guid":{"rendered":"https:\/\/www.poradenstvikhk.cz\/karierove\/?page_id=7732"},"modified":"2024-11-04T10:49:44","modified_gmt":"2024-11-04T09:49:44","slug":"zapojene-skoly-3","status":"publish","type":"page","link":"https:\/\/www.poradenstvikhk.cz\/karierove\/zapojene-skoly-3\/","title":{"rendered":"Mentorsk\u00e9 \u0161koly kari\u00e9rov\u00e9ho vzd\u011bl\u00e1v\u00e1n\u00ed"},"content":{"rendered":"<p>&nbsp;<\/p>\n<p>&nbsp;<\/p>\n<h3><strong>Okres Ji\u010d\u00edn<\/strong><\/h3>\n<p>&nbsp;<\/p>\n<div class=\"row\">\n<div class=\"col-xs-12 col-sm-12 col-md-3 col-lg-3\"><a href=\"https:\/\/4zs.jicin.cz\/\"><img loading=\"lazy\" decoding=\"async\" class=\"alignleft size-full wp-image-5700\" src=\"https:\/\/www.poradenstvikhk.cz\/karierove\/wp-content\/uploads\/2024\/08\/zs_zeleznicka.jpg\" alt=\"ZS_Zeleznicka (2)\" width=\"250\" height=\"150\" \/><\/a><\/div>\n<div class=\"col-xs-12 col-sm-12 col-md-9 col-lg-9\"><strong>Z\u00e1kladn\u00ed \u0161kola, Ji\u010d\u00edn, \u017deleznick\u00e1 460<\/strong><br \/>\nWeb: <a href=\"https:\/\/4zs.jicin.cz\">www.4zs.jicin.cz<\/a><br \/>\nE-mail: <a href=\"mailto:skola@4zs.jicin.cz\">skola@4zs.jicin.cz<\/a><br \/>\nAdresa \u0161koly: \u017deleznick\u00e1 460, Hol\u00ednsk\u00e9 P\u0159edm\u011bst\u00ed, 506 01 Ji\u010d\u00edn<br \/>\nMentorka kari\u00e9rov\u00e9ho vzd\u011bl\u00e1v\u00e1n\u00ed: <strong>Mgr. Pavl\u00edna Havelkov\u00e1<\/strong><br \/>\nE-mail: <a href=\"mailto:havelkovap@4zs.jicin.cz\">havelkovap@4zs.jicin.cz<\/a><\/div>\n<\/div>\n<p>&nbsp;<\/p>\n<div class=\"row\">\n<div class=\"col-xs-12 col-sm-12 col-md-3 col-lg-3\"><a href=\"http:\/\/www.zsostromer.cz\/\"><img loading=\"lazy\" decoding=\"async\" class=\"alignleft size-full wp-image-5716\" src=\"https:\/\/www.poradenstvikhk.cz\/karierove\/wp-content\/uploads\/2024\/08\/zs_ostromer1.jpeg\" alt=\"\" width=\"250\" height=\"150\" \/><\/a><\/div>\n<div class=\"col-xs-12 col-sm-12 col-md-9 col-lg-9\"><strong>Z\u00e1kladn\u00ed \u0161kola Eduarda \u0160torcha a Mate\u0159sk\u00e1 \u0161kola Ostrom\u011b\u0159<\/strong><br \/>\nWeb: <a href=\"http:\/\/www.zsostromer.cz\/\">www.zsostromer.cz<\/a><br \/>\nE-mail: <a href=\"mailto:skola@zsostromer.cz\">skola@zsostromer.cz<\/a><br \/>\nAdresa \u0161koly: \u0160koln\u00ed 315, 507 52 Ostrom\u011b\u0159<br \/>\nMentorka kari\u00e9rov\u00e9ho vzd\u011bl\u00e1v\u00e1n\u00ed: <strong>Mgr. Jana M\u011bs\u00ed\u010dkov\u00e1<\/strong><br \/>\nE-mail: <a href=\"mailto:mesickova@zsostromer.cz\">mesickova@zsostromer.cz<\/a><\/div>\n<\/div>\n<p>&nbsp;<\/p>\n<div class=\"row\">\n<div class=\"col-xs-12 col-sm-12 col-md-3 col-lg-3\"><iframe loading=\"lazy\" title=\"YouTube video player\" src=\"https:\/\/www.youtube.com\/embed\/eyCfWAXlEHw\" width=\"250\" height=\"150\" frameborder=\"0\" allowfullscreen=\"allowfullscreen\"><\/iframe><\/div>\n<div class=\"col-xs-12 col-sm-12 col-md-9 col-lg-9\"><strong>Gymn\u00e1zium a St\u0159edn\u00ed odborn\u00e1 \u0161kola pedagogick\u00e1, Nov\u00e1 Paka, Kumbursk\u00e1 740<\/strong><br \/>\nWeb: <a href=\"http:\/\/www.gymnp.cz\/\">www.gymnp.cz<\/a><br \/>\nE-mail: <a href=\"mailto:skola@gymnp.cz\">skola@gymnp.cz<\/a><br \/>\nAdresa \u0161koly: Kumbursk\u00e1 740, 509 01 Nov\u00e1 Paka<br \/>\nMentorka kari\u00e9rov\u00e9ho vzd\u011bl\u00e1v\u00e1n\u00ed: <strong>Mgr. \u0160\u00e1rka Hor\u00e1kov\u00e1<\/strong><br \/>\nE-mail: <a href=\"mailto:sarka.horakova@gymnp.cz\">sarka.horakova@gymnp.cz<\/a><\/div>\n<\/div>\n<p>&nbsp;<\/p>\n<h3><strong>Okres Hradec Kr\u00e1lov\u00e9<\/strong><\/h3>\n<p>&nbsp;<\/p>\n<div class=\"row\">\n<div class=\"col-xs-12 col-sm-12 col-md-3 col-lg-3\"><iframe loading=\"lazy\" title=\"YouTube video player\" src=\"https:\/\/www.youtube.com\/embed\/a0yCUH2-fNE\" width=\"250\" height=\"150\" frameborder=\"0\" allowfullscreen=\"allowfullscreen\"><\/iframe><\/div>\n<div class=\"col-xs-12 col-sm-12 col-md-9 col-lg-9\"><strong>Gymn\u00e1zium J. K. Tyla, Hradec Kr\u00e1lov\u00e9, Tylovo n\u00e1b\u0159. 682<\/strong><br \/>\nWeb: <a href=\"https:\/\/www.gjkt.cz\/\">www.gjkt.cz<\/a><br \/>\nE-mail: <a href=\"mailto:kancelar@gjkt.cz\">kancelar@gjkt.cz<\/a><br \/>\nAdresa \u0161koly: Tylovo n\u00e1b\u0159e\u017e\u00ed 682\/12, 500 02 Hradec Kr\u00e1lov\u00e9<br \/>\nMentorka kari\u00e9rov\u00e9ho vzd\u011bl\u00e1v\u00e1n\u00ed: <strong>Mgr. \u0160\u00e1rka Jane\u010dkov\u00e1<\/strong><br \/>\nE-mail: <a href=\"mailto:janeckova@gjkt.cz\">janeckova@gjkt.cz<\/a><\/div>\n<p>&nbsp;<\/p>\n<h3><strong>Okres N\u00e1chod<\/strong><\/h3>\n<p>&nbsp;<\/p>\n<div class=\"row\">\n<div class=\"col-xs-12 col-sm-12 col-md-3 col-lg-3\"><iframe loading=\"lazy\" title=\"YouTube video player\" src=\"https:\/\/www.youtube.com\/embed\/V7Yvo3kd56s\" width=\"250\" height=\"150\" frameborder=\"0\" allowfullscreen=\"allowfullscreen\"><\/iframe><\/div>\n<div class=\"col-xs-12 col-sm-12 col-md-9 col-lg-9\"><strong>Z\u00e1kladn\u00ed \u0161kola, Nov\u00fd Hr\u00e1dek, okres N\u00e1chod<\/strong><br \/>\nWeb: <a href=\"https:\/\/www.zsnovyhradek.cz\/\">www.zsnovyhradek.cz<\/a><br \/>\nE-mail: <a href=\"mailto:reditel@zsnovyhradek.cz\">reditel@zsnovyhradek.cz<\/a><br \/>\nAdresa \u0161koly: N\u00e1chodsk\u00e1 288, 549 22 Nov\u00fd Hr\u00e1dek<br \/>\nMentorky kari\u00e9rov\u00e9ho vzd\u011bl\u00e1v\u00e1n\u00ed: <strong>Mgr. V\u011bra Voltrov\u00e1<\/strong> a <strong>Mgr. Lenka Dud\u00e1\u0161kov\u00e1<\/strong><br \/>\nE-mail: <a href=\"mailto:voltrova.v@zsnovyhradek.cz\">voltrova.v@zsnovyhradek.cz<\/a>, <a href=\"mailto:reditel@zsnovyhradek.cz\">reditel@zsnovyhradek.cz<\/a><\/div>\n<p>&nbsp;<\/p>\n<div class=\"row\">\n<div class=\"col-xs-12 col-sm-12 col-md-3 col-lg-3\"><a href=\"https:\/\/www.zdravkanachod.cz\/\"><img loading=\"lazy\" decoding=\"async\" class=\"alignleft size-full wp-image-5736\" src=\"https:\/\/www.poradenstvikhk.cz\/karierove\/wp-content\/uploads\/2024\/08\/ss_zdravotni_nachod.png\" alt=\"\" width=\"250\" height=\"150\" \/><\/a><\/div>\n<div class=\"col-xs-12 col-sm-12 col-md-9 col-lg-9\"><strong>St\u0159edn\u00ed zdravotnick\u00e1 \u0161kola N\u00e1chod &#8211; EA<\/strong><br \/>\nWeb: <a href=\"https:\/\/www.zdravkanachod.cz\/\">https:\/\/www.zdravkanachod.cz<\/a><br \/>\nE-mail: <a href=\"mailto:sekretariat@zdravkanachod.cz\">sekretariat@zdravkanachod.cz<\/a><br \/>\nAdresa \u0161koly: Kladsk\u00e1 335, 547 01 N\u00e1chod<br \/>\nMentorka kari\u00e9rov\u00e9ho vzd\u011bl\u00e1v\u00e1n\u00ed: <strong>Mgr. Renata Du\u0161kov\u00e1, MBA<\/strong><br \/>\nE-mail: <a href=\"mailto:duskova@zdravkanachod.cz\">duskova@zdravkanachod.cz<\/a><\/div>\n<\/div>\n<p>&nbsp;<\/p>\n<h3><strong>Okres Rychnov nad Kn\u011b\u017enou<\/strong><\/h3>\n<p>&nbsp;<\/p>\n<div class=\"row\">\n<div class=\"col-xs-12 col-sm-12 col-md-3 col-lg-3\"><a href=\"https:\/\/www.zsjrk.cz\/\"><img loading=\"lazy\" decoding=\"async\" class=\"alignleft size-full wp-image-5738\" src=\"https:\/\/www.poradenstvikhk.cz\/karierove\/wp-content\/uploads\/2024\/08\/zs_rychnov_javornicka.png\" alt=\"\" width=\"250\" height=\"150\" \/><\/a><\/div>\n<div class=\"col-xs-12 col-sm-12 col-md-9 col-lg-9\"><strong>Z\u00e1kladn\u00ed \u0161kola Rychnov nad Kn\u011b\u017enou, Javornick\u00e1 1596<\/strong><br \/>\nWeb: <a href=\"https:\/\/www.zsjrk.cz\">www.zsjrk.cz<\/a><br \/>\nE-mail: <a href=\"mailto:zs.javornicka.rk@seznam.cz\">zs.javornicka.rk@seznam.cz<\/a><br \/>\nAdresa \u0161koly: Javornick\u00e1 1596, 516 01 Rychnov nad Kn\u011b\u017enou<br \/>\nMentorka kari\u00e9rov\u00e9ho vzd\u011bl\u00e1v\u00e1n\u00ed: <strong>Mgr. Renata Hovorkov\u00e1<\/strong><br \/>\nE-mail: <a href=\"mailto:renata.hovorkova@zsjrk.cz\">renata.hovorkova@zsjrk.cz<\/a><\/div>\n<\/div>\n<p>&nbsp;<\/p>\n<div class=\"row\">\n<div class=\"col-xs-12 col-sm-12 col-md-3 col-lg-3\"><a href=\"http:\/\/www.zssolnice.cz\/\"><img loading=\"lazy\" decoding=\"async\" class=\"alignleft size-full wp-image-5739\" src=\"https:\/\/www.poradenstvikhk.cz\/karierove\/wp-content\/uploads\/2024\/08\/zs_solnice.png\" alt=\"\" width=\"250\" height=\"150\" \/><\/a><\/div>\n<div class=\"col-xs-12 col-sm-12 col-md-9 col-lg-9\"><strong>Z\u00e1kladn\u00ed \u0161kola Solnice, okres Rychnov nad Kn\u011b\u017enou<\/strong><br \/>\nWeb: <a href=\"http:\/\/www.zssolnice.cz\/\">www.zssolnice.cz<\/a><br \/>\nE-mail: <a href=\"mailto:reditelna@zssolnice.cz\">reditelna@zssolnice.cz<\/a><br \/>\nAdresa \u0161koly: Dobru\u0161sk\u00e1 81, 517 01 Solnice<br \/>\nMentorka kari\u00e9rov\u00e9ho vzd\u011bl\u00e1v\u00e1n\u00ed: <strong>Mgr. Jana Ehlov\u00e1<\/strong><br \/>\nE-mail: <a href=\"mailto:jana.ehlova@zssolnice.cz\">jana.ehlova@zssolnice.cz<\/a><\/div>\n<\/div>\n<p>&nbsp;<\/p>\n<h3><strong>Okres Trutnov<\/strong><\/h3>\n<p>&nbsp;<\/p>\n<div class=\"row\">\n<div class=\"col-xs-12 col-sm-12 col-md-3 col-lg-3\"><a href=\"https:\/\/www.zs-dk.cz\/\"><img loading=\"lazy\" decoding=\"async\" class=\"alignleft size-full wp-image-5743\" src=\"https:\/\/www.poradenstvikhk.cz\/karierove\/wp-content\/uploads\/2024\/08\/zs_ps_dvur.png\" alt=\"\" width=\"250\" height=\"150\" \/><\/a><\/div>\n<div class=\"col-xs-12 col-sm-12 col-md-9 col-lg-9\"><strong>Z\u00e1kladn\u00ed \u0161kola a Praktick\u00e1 \u0161kola, Dv\u016fr Kr\u00e1lov\u00e9 nad Labem, P\u0159emyslova 479<\/strong><br \/>\nWeb: <a href=\"https:\/\/www.zs-dk.cz\">www.zs-dk.cz<\/a><br \/>\nE-mail: <a href=\"mailto:info@zs-dk.cz\">info@zs-dk.cz<\/a><br \/>\nAdresa \u0161koly: P\u0159emyslova 479, 544 01 Dv\u016fr Kr\u00e1lov\u00e9 nad Labem<br \/>\nMentorka kari\u00e9rov\u00e9ho vzd\u011bl\u00e1v\u00e1n\u00ed: <strong>Mgr. Ji\u0159ina Sommerov\u00e1<\/strong><br \/>\nE-mail: <a href=\"mailto:sommerova@zs-dk.cz\">sommerova@zs-dk.cz<\/a><\/div>\n<\/div>\n<p>&nbsp;<\/p>\n<div class=\"row\">\n<div class=\"col-xs-12 col-sm-12 col-md-3 col-lg-3\"><iframe loading=\"lazy\" title=\"YouTube video player\" src=\"https:\/\/www.youtube.com\/embed\/sFiDhQJX1BY\" width=\"250\" height=\"150\" frameborder=\"0\" allowfullscreen=\"allowfullscreen\"><\/iframe><\/div>\n<div class=\"col-xs-12 col-sm-12 col-md-9 col-lg-9\"><strong>Krkono\u0161sk\u00e9 gymn\u00e1zium a St\u0159edn\u00ed odborn\u00e1 \u0161kola<\/strong><br \/>\nWeb: <a href=\"https:\/\/www.gymvr.cz\/skola2\/\">www.gymvr.cz<\/a><br \/>\nE-mail: <a href=\"mailto: gymnasium@gymvr.cz\">gymnasium@gymvr.cz<\/a><br \/>\nAdresa \u0161koly: Komensk\u00e9ho 586, 543 01 Vrchlab\u00ed<br \/>\nMentorka kari\u00e9rov\u00e9ho vzd\u011bl\u00e1v\u00e1n\u00ed: <strong>Mgr. Jaroslava N\u00fdvltov\u00e1<\/strong><br \/>\nE-mail: <a href=\"mailto:nyvltova@gymvr.cz\">nyvltova@gymvr.cz<\/a><\/div>\n<\/div>\n<p>&nbsp;<\/p>\n<\/div>\n<\/div>\n","protected":false},"excerpt":{"rendered":"<p>&nbsp; &nbsp; Okres Ji\u010d\u00edn &nbsp; Z\u00e1kladn\u00ed \u0161kola, Ji\u010d\u00edn, \u017deleznick\u00e1 460 Web: www.4zs.jicin.cz E-mail: skola@4zs.jicin.cz Adresa \u0161koly: \u017deleznick\u00e1 460, Hol\u00ednsk\u00e9 P\u0159edm\u011bst\u00ed, 506 01 Ji\u010d\u00edn Mentorka kari\u00e9rov\u00e9ho vzd\u011bl\u00e1v\u00e1n\u00ed: Mgr. Pavl\u00edna Havelkov\u00e1 E-mail: havelkovap@4zs.jicin.cz &nbsp; Z\u00e1kladn\u00ed \u0161kola Eduarda \u0160torcha a Mate\u0159sk\u00e1 \u0161kola Ostrom\u011b\u0159 Web: www.zsostromer.cz E-mail: skola@zsostromer.cz Adresa \u0161koly: \u0160koln\u00ed 315, 507 52 Ostrom\u011b\u0159 Mentorka kari\u00e9rov\u00e9ho vzd\u011bl\u00e1v\u00e1n\u00ed: Mgr. [&hellip;]<\/p>\n","protected":false},"author":4,"featured_media":0,"parent":0,"menu_order":1,"comment_status":"closed","ping_status":"closed","template":"","meta":{"footnotes":""},"_links":{"self":[{"href":"https:\/\/www.poradenstvikhk.cz\/karierove\/wp-json\/wp\/v2\/pages\/7732"}],"collection":[{"href":"https:\/\/www.poradenstvikhk.cz\/karierove\/wp-json\/wp\/v2\/pages"}],"about":[{"href":"https:\/\/www.poradenstvikhk.cz\/karierove\/wp-json\/wp\/v2\/types\/page"}],"author":[{"embeddable":true,"href":"https:\/\/www.poradenstvikhk.cz\/karierove\/wp-json\/wp\/v2\/users\/4"}],"replies":[{"embeddable":true,"href":"https:\/\/www.poradenstvikhk.cz\/karierove\/wp-json\/wp\/v2\/comments?post=7732"}],"version-history":[{"count":37,"href":"https:\/\/www.poradenstvikhk.cz\/karierove\/wp-json\/wp\/v2\/pages\/7732\/revisions"}],"predecessor-version":[{"id":9194,"href":"https:\/\/www.poradenstvikhk.cz\/karierove\/wp-json\/wp\/v2\/pages\/7732\/revisions\/9194"}],"wp:attachment":[{"href":"https:\/\/www.poradenstvikhk.cz\/karierove\/wp-json\/wp\/v2\/media?parent=7732"}],"curies":[{"name":"wp","href":"https:\/\/api.w.org\/{rel}","templated":true}]}}