{"id":7734,"date":"2023-12-06T10:53:56","date_gmt":"2023-12-06T09:53:56","guid":{"rendered":"https:\/\/www.poradenstvikhk.cz\/karierove\/?page_id=7734"},"modified":"2024-08-02T14:38:17","modified_gmt":"2024-08-02T12:38:17","slug":"o-programu-2","status":"publish","type":"page","link":"https:\/\/www.poradenstvikhk.cz\/karierove\/o-programu-2\/","title":{"rendered":"O programu"},"content":{"rendered":"<h1><strong>Mentorsk\u00fd program<\/strong><\/h1>\n<p style=\"text-align: justify;\"><strong>Mentorsk\u00fd program<\/strong> je program pro \u0161koly, kter\u00e9 absolvuj\u00ed <strong>Partnersk\u00fd program<\/strong> a pro \u0161koly, kter\u00e9 absolvovaly <strong>P\u0159\u00edpravn\u00fd partnersk\u00fd program v projektu I-KAP KHK II<\/strong>. Program zaji\u0161\u0165uje metodickou podporu a prov\u00e1zen\u00ed kari\u00e9rov\u00fdch poradc\u016f na cest\u011b st\u00e1t se mentorem tak, aby mohli p\u0159ed\u00e1vat zku\u0161enosti z\u00edskan\u00e9 absolvov\u00e1n\u00edm Partnersk\u00e9ho programu koleg\u016fm z dal\u0161\u00edch \u0161kol v regionu, kter\u00e9 projev\u00ed z\u00e1jem o rozvoj KV a KP na jejich \u0161kol\u00e1ch.<\/p>\n<p style=\"text-align: justify;\"><strong>\u0160kola po absolvov\u00e1n\u00ed programu z\u00edsk\u00e1 status \u201eMentorsk\u00e1 \u0161kola\u201c.<\/strong><\/p>\n<ul>\n<li>kapacita programu: 12 \u0161kol (Z\u0160, SO\u0160, Gymn\u00e1zia, VO\u0160)<\/li>\n<li>d\u00e9lka programu: v\u017edy 1 \u0161koln\u00ed rok (z\u00e1\u0159\u00ed \u2013 \u010derven)<\/li>\n<li>b\u011bh programu: 1. 9. 2025 \u2013 30. 6. 2026<\/li>\n<\/ul>\n<p><strong>Program obsahuje:<\/strong><\/p>\n<ul>\n<li>T\u00fdmov\u00e1 supervize KP (Pracovn\u00ed skupina) \u2013 p\u0159\u00edpravy, reflexe, sd\u00edlen\u00ed,<\/li>\n<li>konzultace se z\u00e1stupci \u0160PP \u2013 konzultuj\u00ed mento\u0159i,<\/li>\n<li>p\u0159\u00edm\u00e1 pr\u00e1ce se t\u0159\u00eddou \u2013 p\u0159\u00edprava, realizace a reflexe modelov\u00fdch hodin s KP \u201ementorsk\u00e9 \u0161koly\u201c,<\/li>\n<li>projektov\u00fd den na t\u00e9ma KP &#8211; p\u0159\u00edprava, realizace a reflexe s KP \u201ementorsk\u00e9 \u0161koly\u201c,<\/li>\n<li>informa\u010dn\u00ed servis (aktuality, zdroje, tipy na vzd\u011bl\u00e1v\u00e1n\u00ed atd.),<\/li>\n<li>\u00fa\u010dast na ka\u017edoro\u010dn\u00edm reflektivn\u00edm setk\u00e1n\u00ed Kulat\u00fd st\u016fl \u2013 sd\u00edlen\u00ed zku\u0161enosti s programem.<\/li>\n<\/ul>\n<p><strong>P\u0159\u00edpravn\u00fd mentorsk\u00fd program<\/strong><\/p>\n<p style=\"text-align: justify;\">Vzhledem k intenzivn\u00ed pr\u00e1ci partnersk\u00fdch \u0161kol na rozvoji syst\u00e9mu KV a KP v projektu I-KAP KHK II vid\u00edme jako z\u00e1sadn\u00ed pokra\u010duj\u00edc\u00ed metodickou podporu. Z\u00e1rove\u0148 vn\u00edm\u00e1me z\u00e1jem a ochotu t\u011bchto \u0161kol sd\u00edlet nabyt\u00e9 zku\u0161enost s ostatn\u00edmi \u0161kolami v regionu. Na z\u00e1klad\u011b toho je c\u00edlem p\u0159\u00edpravn\u00e9 f\u00e1ze zrealizovat pro tyto \u0161koly p\u0159\u00edpravn\u00fd mentorsk\u00fd program, jeho\u017e v\u00fdstupem bude z\u00edsk\u00e1n\u00ed statutu \u201ementorsk\u00e1 \u0161kola\u201c. D\u00edky tomu bude mo\u017en\u00e9 aktivn\u00ed zapojen\u00ed t\u011bchto \u0161kol do Partnersk\u00e9ho programu a t\u00edm p\u00e1dem plnohodnotn\u00e9 zah\u00e1jen\u00ed jeho prvn\u00edho b\u011bhu v z\u00e1\u0159\u00ed 2024.<\/p>\n<p><strong>V r\u00e1mci P\u0159\u00edpravn\u00e9ho mentorsk\u00e9ho programu budou m\u00edt ji\u017e v t\u00e9to f\u00e1zi mo\u017enost zapojit se do aktivit i potenci\u00e1ln\u00ed z\u00e1jemci o Partnersk\u00fd program.<\/strong><\/p>\n<p><strong>Kapacita programu:<\/strong><\/p>\n<ul>\n<li>12 \u0161kol (absolventi P\u0159\u00edpravn\u00e9ho partnersk\u00e9ho programu v I-KAP KHK II)<\/li>\n<li>10 \u0161kol (z\u00e1jemci o Partnersk\u00fd program \u2013 \u201eochutn\u00e1vka\u201c)<\/li>\n<li>b\u011bh programu: 1. 1. 2024 \u2013 30. 6. 2024<\/li>\n<\/ul>\n","protected":false},"excerpt":{"rendered":"<p>Mentorsk\u00fd program Mentorsk\u00fd program je program pro \u0161koly, kter\u00e9 absolvuj\u00ed Partnersk\u00fd program a pro \u0161koly, kter\u00e9 absolvovaly P\u0159\u00edpravn\u00fd partnersk\u00fd program v projektu I-KAP KHK II. Program zaji\u0161\u0165uje metodickou podporu a prov\u00e1zen\u00ed kari\u00e9rov\u00fdch poradc\u016f na cest\u011b st\u00e1t se mentorem tak, aby mohli p\u0159ed\u00e1vat zku\u0161enosti z\u00edskan\u00e9 absolvov\u00e1n\u00edm Partnersk\u00e9ho programu koleg\u016fm z dal\u0161\u00edch \u0161kol v regionu, kter\u00e9 projev\u00ed [&hellip;]<\/p>\n","protected":false},"author":3,"featured_media":0,"parent":0,"menu_order":0,"comment_status":"closed","ping_status":"closed","template":"","meta":{"footnotes":""},"_links":{"self":[{"href":"https:\/\/www.poradenstvikhk.cz\/karierove\/wp-json\/wp\/v2\/pages\/7734"}],"collection":[{"href":"https:\/\/www.poradenstvikhk.cz\/karierove\/wp-json\/wp\/v2\/pages"}],"about":[{"href":"https:\/\/www.poradenstvikhk.cz\/karierove\/wp-json\/wp\/v2\/types\/page"}],"author":[{"embeddable":true,"href":"https:\/\/www.poradenstvikhk.cz\/karierove\/wp-json\/wp\/v2\/users\/3"}],"replies":[{"embeddable":true,"href":"https:\/\/www.poradenstvikhk.cz\/karierove\/wp-json\/wp\/v2\/comments?post=7734"}],"version-history":[{"count":4,"href":"https:\/\/www.poradenstvikhk.cz\/karierove\/wp-json\/wp\/v2\/pages\/7734\/revisions"}],"predecessor-version":[{"id":7838,"href":"https:\/\/www.poradenstvikhk.cz\/karierove\/wp-json\/wp\/v2\/pages\/7734\/revisions\/7838"}],"wp:attachment":[{"href":"https:\/\/www.poradenstvikhk.cz\/karierove\/wp-json\/wp\/v2\/media?parent=7734"}],"curies":[{"name":"wp","href":"https:\/\/api.w.org\/{rel}","templated":true}]}}